{"id":292,"date":"2022-03-05T19:58:52","date_gmt":"2022-03-05T18:58:52","guid":{"rendered":"https:\/\/disniput2022.conventuscredo.hr\/?page_id=292"},"modified":"2022-08-22T11:18:05","modified_gmt":"2022-08-22T09:18:05","slug":"invited-speakers","status":"publish","type":"page","link":"https:\/\/disniput2022.conventuscredo.hr\/en\/invited-speakers\/","title":{"rendered":"Invited speakers"},"content":{"rendered":"<p>[et_pb_section fb_built=&#8221;1&#8243; _builder_version=&#8221;4.16&#8243; _module_preset=&#8221;default&#8221; custom_padding=&#8221;||100px|||&#8221; global_colors_info=&#8221;{}&#8221;][et_pb_row _builder_version=&#8221;4.17.4&#8243; _module_preset=&#8221;default&#8221; width=&#8221;100%&#8221; max_width=&#8221;1700px&#8221; module_alignment=&#8221;center&#8221; global_module=&#8221;32&#8243; saved_tabs=&#8221;all&#8221; global_colors_info=&#8221;{}&#8221;][et_pb_column type=&#8221;4_4&#8243; _builder_version=&#8221;4.17.4&#8243; _module_preset=&#8221;default&#8221; global_colors_info=&#8221;{}&#8221;][et_pb_image src=&#8221;https:\/\/disniput2022.conventuscredo.hr\/wp-content\/uploads\/2022\/07\/dis\u030cni-engl.jpg&#8221; title_text=&#8221;Disni put ENG NA&#8221; _builder_version=&#8221;4.17.6&#8243; _module_preset=&#8221;default&#8221; box_shadow_style=&#8221;preset4&#8243; box_shadow_color=&#8221;#D5BF4B&#8221; global_colors_info=&#8221;{}&#8221;][\/et_pb_image][\/et_pb_column][\/et_pb_row][et_pb_row _builder_version=&#8221;4.16&#8243; _module_preset=&#8221;default&#8221; custom_padding=&#8221;3rem||3rem||true|false&#8221; global_colors_info=&#8221;{}&#8221;][et_pb_column type=&#8221;4_4&#8243; _builder_version=&#8221;4.16&#8243; _module_preset=&#8221;default&#8221; global_colors_info=&#8221;{}&#8221;][et_pb_post_title meta=&#8221;off&#8221; featured_image=&#8221;off&#8221; _builder_version=&#8221;4.16&#8243; _module_preset=&#8221;default&#8221; title_text_align=&#8221;center&#8221; title_font_size=&#8221;44px&#8221; global_colors_info=&#8221;{}&#8221;][\/et_pb_post_title][\/et_pb_column][\/et_pb_row][et_pb_row _builder_version=&#8221;4.16&#8243; _module_preset=&#8221;default&#8221; global_colors_info=&#8221;{}&#8221;][et_pb_column type=&#8221;4_4&#8243; _builder_version=&#8221;4.16&#8243; _module_preset=&#8221;default&#8221; global_colors_info=&#8221;{}&#8221;][et_pb_text _builder_version=&#8221;4.17.4&#8243; _module_preset=&#8221;default&#8221; custom_padding=&#8221;0px||1px|||&#8221; global_colors_info=&#8221;{}&#8221;]<\/p>\n<p><strong>NorthAnaesthesiology, resuscitation, intensive medicine<\/strong><br \/>Ada Bari\u0107 Grgurevi\u0107, Srebrnjak Children Hospital, Zagreb, Croatia<br \/>Diana Butkovi\u0107, Zagreb Children Hospital, Zagreb, Croatia<br \/>Renata Curi\u0107 Radivojevi\u0107, Zagreb UHC, Zagreb, Croatia<br \/>Vladimir Dolinaj, Vojvodina UHC, Novi Sad, Serbia<br \/>Tatjana Goranovi\u0107, Sveti Duh UH, Zagreb, Croatia<br \/>Du\u0161anka Janjevi\u0107, Novi Sad, Serbia<br \/>Radmilo Jankovi\u0107, Ni\u0161 UHC, Ni\u0161, Serbia<br \/>Nevena Kalezi\u0107, Serbia UHC, Belgrade, Serbia<br \/>Maja Karaman Ili\u0107, Radiochirurgia, Sveta Nedelja, Croatia<br \/>Marijana Kari\u0161ik, Montenegro UHC, Podgorica, Montenegro<br \/>Sandra Kralik, Zagreb Children Hospital, Zagreb, Croatia<br \/>Slavica Kvolik, Osijek UHC, Osijek, Croatia<br \/>Slobodan Mihaljevi\u0107,Zagreb UHC, Zagreb, Croatia<br \/>Morena Mili\u0107, Dubrava UH, Croatia<br \/>Kre\u0161imir Reiner, Zagreb UHC, Zagreb, Croatia<br \/>Vlatka Soto\u0161ek, Rijeka UHC, Rijeka, Croatia<br \/>Sanda Stojanovi\u0107 Stipi\u0107, Split UHC, Split, Croatia<br \/>Biljana Shirgoska, Skopje, North Macedonia<br \/>Ivan \u0160klebar, Sveti Duh UH, Zagreb, Croatia<br \/>Jasna \u0160pi\u010dek Macan, Zagreb UHC, Zagreb, Croatia<br \/>Alan \u0160usti\u0107, Rijeka UHC, Rijeka, Croatia<br \/>Ivana Tudori\u0107 \u0110eno, Vienna, Austria<br \/>Bibiana Vitkovi\u0107, Zagreb Children Hospital, Zagreb, Croatia<br \/>Marko Zdravkovi\u0107, Maribor UHC, Maribor, Slovenia<br \/>Milana Zlati\u0107 Glogo\u0161ki, Sestre milosrdnice UHC, Zagreb, Croatia<\/p>\n<p><strong>Gynaecology and obstetrics<\/strong><br \/>Dubravko Habek, UH Sveti Duh, Zagreb, Croatia<\/p>\n<p><strong>Emergency medicine<\/strong><br \/>Vi\u0161nja Nesek Adam, Sveti Duh UH, Zagreb, Croatia<\/p>\n<p><strong>Speech and language pathology<\/strong><br \/>Jadranka Frani\u0107 Stipani\u0107, UH Sveti Duh, Zagreb, Croatia<\/p>\n<p><strong>Maxillofacial surgery<\/strong><br \/>Emil Dediol, Dubrava UH, Zagreb, Croatia<br \/>Ivica Luk\u0161i\u0107, Dubrava UH, Zagreb, Croatia<\/p>\n<p><strong>Otorhinolaryngology and head and neck surgery<\/strong><br \/>Tomislav Baudoin, Sestre milosrdnice UHC, Zagreb, Croatia<br \/>Ana \u0110ani\u0107 Had\u017eibegovi\u0107, Zagreb UHC, Zagreb, Croatia<br \/>Drago Prgomet, Zagreb UHC, Zagreb, Croatia<br \/>Ratko Prsta\u010di\u0107, Zagreb UHC, Zagreb, Croatia<br \/>Boris \u0160imunjak, Sveti Duh UH, Zagreb, Croatia<br \/>Davor Vagi\u0107, Sestre milosrdnice UHC, Zagreb, Croatia<br \/>Marica \u017di\u017ei\u0107, Sveti Duh UH, Zagreb, Croatia<\/p>\n<p><strong>Pulmonology<\/strong><br \/>Antun Koprivanac, Sveti Duh UH, Zagreb, Croatia<br \/>Gordana Pavli\u0161a, Zagreb UHC, Zagreb, Croatia<br \/>Nevenka Piska\u010d, Radiochirurgia, Sveta Nedelja, Croatia<\/p>\n<p><strong>Thoracic surgery<\/strong><br \/>Hrvoje Feljan, Dubrava UH, Zagreb, Croatia<\/p>\n<p>[\/et_pb_text][\/et_pb_column][\/et_pb_row][\/et_pb_section]<\/p>\n","protected":false},"excerpt":{"rendered":"<p>NorthAnaesthesiology, resuscitation, intensive medicineAda Bari\u0107 Grgurevi\u0107, Srebrnjak Children Hospital, Zagreb, CroatiaDiana Butkovi\u0107, Zagreb Children Hospital, Zagreb, CroatiaRenata Curi\u0107 Radivojevi\u0107, Zagreb UHC, Zagreb, CroatiaVladimir Dolinaj, Vojvodina UHC, Novi Sad, SerbiaTatjana Goranovi\u0107, Sveti Duh UH, Zagreb, CroatiaDu\u0161anka Janjevi\u0107, Novi Sad, SerbiaRadmilo Jankovi\u0107, Ni\u0161 UHC, Ni\u0161, SerbiaNevena Kalezi\u0107, Serbia UHC, Belgrade, SerbiaMaja Karaman Ili\u0107, Radiochirurgia, Sveta Nedelja, CroatiaMarijana [&hellip;]<\/p>\n","protected":false},"author":1,"featured_media":0,"parent":0,"menu_order":0,"comment_status":"closed","ping_status":"closed","template":"","meta":{"_et_pb_use_builder":"on","_et_pb_old_content":"","_et_gb_content_width":"","footnotes":""},"class_list":["post-292","page","type-page","status-publish","hentry"],"acf":[],"_links":{"self":[{"href":"https:\/\/disniput2022.conventuscredo.hr\/en\/wp-json\/wp\/v2\/pages\/292","targetHints":{"allow":["GET"]}}],"collection":[{"href":"https:\/\/disniput2022.conventuscredo.hr\/en\/wp-json\/wp\/v2\/pages"}],"about":[{"href":"https:\/\/disniput2022.conventuscredo.hr\/en\/wp-json\/wp\/v2\/types\/page"}],"author":[{"embeddable":true,"href":"https:\/\/disniput2022.conventuscredo.hr\/en\/wp-json\/wp\/v2\/users\/1"}],"replies":[{"embeddable":true,"href":"https:\/\/disniput2022.conventuscredo.hr\/en\/wp-json\/wp\/v2\/comments?post=292"}],"version-history":[{"count":5,"href":"https:\/\/disniput2022.conventuscredo.hr\/en\/wp-json\/wp\/v2\/pages\/292\/revisions"}],"predecessor-version":[{"id":531,"href":"https:\/\/disniput2022.conventuscredo.hr\/en\/wp-json\/wp\/v2\/pages\/292\/revisions\/531"}],"wp:attachment":[{"href":"https:\/\/disniput2022.conventuscredo.hr\/en\/wp-json\/wp\/v2\/media?parent=292"}],"curies":[{"name":"wp","href":"https:\/\/api.w.org\/{rel}","templated":true}]}}